{"id":498,"date":"2014-08-15T14:30:57","date_gmt":"2014-08-15T14:30:57","guid":{"rendered":"http:\/\/www.rst.eng.br\/novo\/?page_id=498"},"modified":"2015-05-25T05:10:09","modified_gmt":"2015-05-25T05:10:09","slug":"parceiros-e-clientes","status":"publish","type":"page","link":"https:\/\/www.rst.eng.br\/novo\/?page_id=498","title":{"rendered":"CLIENTES"},"content":{"rendered":"<div class=\"caption-container-main m-bot-30\"><div class=\"caption-text-container\">CLIENTES<\/div><div class=\"content-container-white caption-bg\"><\/div><\/div>\n<p>Para a <strong>RST Engenharia e Solu\u00e7\u00f5es<\/strong> fazer parte da hist\u00f3ria dos clientes \u00e9 uma satisfa\u00e7\u00e3o eminente. A realiza\u00e7\u00e3o bem desempenhada dos projetos dos clientes \u00e9 o principal objetivo da empresa. Conhe\u00e7a alguns parceiros da RST:<\/p>\n<p><a href=\"https:\/\/www.rst.eng.br\/novo\/wp-content\/uploads\/2015\/05\/Ele_Eletrosul_Vertical.jpg\"><img loading=\"lazy\" decoding=\"async\" class=\" wp-image-558 size-full alignleft\" src=\"https:\/\/www.rst.eng.br\/novo\/wp-content\/uploads\/2015\/05\/Ele_Eletrosul_Vertical-e1432527082160.jpg\" alt=\"Ele_Eletrosul_Vertical\" width=\"150\" height=\"125\" \/><\/a><\/p>\n<p>&nbsp;<\/p>\n<p><a href=\"https:\/\/www.rst.eng.br\/novo\/wp-content\/uploads\/2014\/08\/ICCILA.png\"><img loading=\"lazy\" decoding=\"async\" class=\" size-full wp-image-576 alignnone\" src=\"https:\/\/www.rst.eng.br\/novo\/wp-content\/uploads\/2014\/08\/ICCILA.png\" alt=\"ICCILA\" width=\"150\" height=\"57\" \/><\/a><\/p>\n<p>&nbsp;<\/p>\n<div class=\"caption-container-main m-bot-30\"><div class=\"caption-text-container\">PARCEIROS<\/div><div class=\"content-container-white caption-bg\"><\/div><\/div>\n<p>AllComp que \u00e9 respons\u00e1vel pelos equipamentos de medi\u00e7\u00e3o e topografia da empresa.<\/p>\n<p><a href=\"https:\/\/www.rst.eng.br\/novo\/wp-content\/uploads\/2014\/08\/ALL-COMP.png\"><img loading=\"lazy\" decoding=\"async\" class=\"alignnone size-full wp-image-577\" src=\"https:\/\/www.rst.eng.br\/novo\/wp-content\/uploads\/2014\/08\/ALL-COMP.png\" alt=\"ALL COMP\" width=\"150\" height=\"38\" \/><\/a><\/p>\n","protected":false},"excerpt":{"rendered":"<p>Para a RST Engenharia e Solu\u00e7\u00f5es fazer parte da hist\u00f3ria dos clientes \u00e9 uma satisfa\u00e7\u00e3o eminente. A realiza\u00e7\u00e3o bem desempenhada dos projetos dos clientes \u00e9 o principal objetivo da empresa. Conhe\u00e7a alguns parceiros da RST: &nbsp; &nbsp; AllComp que \u00e9 respons\u00e1vel pelos equipamentos de medi\u00e7\u00e3o e topografia da empresa.<\/p>\n","protected":false},"author":1,"featured_media":0,"parent":0,"menu_order":0,"comment_status":"closed","ping_status":"closed","template":"","meta":{"footnotes":""},"_links":{"self":[{"href":"https:\/\/www.rst.eng.br\/novo\/index.php?rest_route=\/wp\/v2\/pages\/498"}],"collection":[{"href":"https:\/\/www.rst.eng.br\/novo\/index.php?rest_route=\/wp\/v2\/pages"}],"about":[{"href":"https:\/\/www.rst.eng.br\/novo\/index.php?rest_route=\/wp\/v2\/types\/page"}],"author":[{"embeddable":true,"href":"https:\/\/www.rst.eng.br\/novo\/index.php?rest_route=\/wp\/v2\/users\/1"}],"replies":[{"embeddable":true,"href":"https:\/\/www.rst.eng.br\/novo\/index.php?rest_route=%2Fwp%2Fv2%2Fcomments&post=498"}],"version-history":[{"count":8,"href":"https:\/\/www.rst.eng.br\/novo\/index.php?rest_route=\/wp\/v2\/pages\/498\/revisions"}],"predecessor-version":[{"id":593,"href":"https:\/\/www.rst.eng.br\/novo\/index.php?rest_route=\/wp\/v2\/pages\/498\/revisions\/593"}],"wp:attachment":[{"href":"https:\/\/www.rst.eng.br\/novo\/index.php?rest_route=%2Fwp%2Fv2%2Fmedia&parent=498"}],"curies":[{"name":"wp","href":"https:\/\/api.w.org\/{rel}","templated":true}]}}