{"id":24,"date":"2013-10-22T16:59:04","date_gmt":"2013-10-22T16:59:04","guid":{"rendered":"http:\/\/wpthemes.iweb-studio.com\/solana\/?page_id=24"},"modified":"2023-08-28T14:01:17","modified_gmt":"2023-08-28T14:01:17","slug":"contact","status":"publish","type":"page","link":"https:\/\/www.rst.eng.br\/novo\/?page_id=24","title":{"rendered":"CONTATO"},"content":{"rendered":"<p>Rua\u00a0Manoel Pedro Vieira, 1255 &#8211; Sala 13<br \/>\nMorro das Pedras, Florian\u00f3polis &#8211; SC | CEP: 88066-100<br \/>\nE-mail: contato@rst.eng.br<br \/>\nTel: +55 (48) 3236-0249 &#8211; Escrit\u00f3rio Florian\u00f3polis &#8211; SC<\/p>\n","protected":false},"excerpt":{"rendered":"<p>Rua\u00a0Manoel Pedro Vieira, 1255 &#8211; Sala 13 Morro das Pedras, Florian\u00f3polis &#8211; SC | CEP: 88066-100 E-mail: contato@rst.eng.br Tel: +55 (48) 3236-0249 &#8211; Escrit\u00f3rio Florian\u00f3polis &#8211; SC<\/p>\n","protected":false},"author":1,"featured_media":0,"parent":0,"menu_order":0,"comment_status":"open","ping_status":"open","template":"templates\/page-contact.php","meta":{"footnotes":""},"_links":{"self":[{"href":"https:\/\/www.rst.eng.br\/novo\/index.php?rest_route=\/wp\/v2\/pages\/24"}],"collection":[{"href":"https:\/\/www.rst.eng.br\/novo\/index.php?rest_route=\/wp\/v2\/pages"}],"about":[{"href":"https:\/\/www.rst.eng.br\/novo\/index.php?rest_route=\/wp\/v2\/types\/page"}],"author":[{"embeddable":true,"href":"https:\/\/www.rst.eng.br\/novo\/index.php?rest_route=\/wp\/v2\/users\/1"}],"replies":[{"embeddable":true,"href":"https:\/\/www.rst.eng.br\/novo\/index.php?rest_route=%2Fwp%2Fv2%2Fcomments&post=24"}],"version-history":[{"count":7,"href":"https:\/\/www.rst.eng.br\/novo\/index.php?rest_route=\/wp\/v2\/pages\/24\/revisions"}],"predecessor-version":[{"id":648,"href":"https:\/\/www.rst.eng.br\/novo\/index.php?rest_route=\/wp\/v2\/pages\/24\/revisions\/648"}],"wp:attachment":[{"href":"https:\/\/www.rst.eng.br\/novo\/index.php?rest_route=%2Fwp%2Fv2%2Fmedia&parent=24"}],"curies":[{"name":"wp","href":"https:\/\/api.w.org\/{rel}","templated":true}]}}