{"id":113,"date":"2013-10-22T18:20:03","date_gmt":"2013-10-22T18:20:03","guid":{"rendered":"http:\/\/wpthemes.iweb-studio.com\/solana\/?page_id=113"},"modified":"2015-05-22T20:06:03","modified_gmt":"2015-05-22T20:06:03","slug":"services","status":"publish","type":"page","link":"https:\/\/www.rst.eng.br\/novo\/?page_id=113","title":{"rendered":"NOSSOS Servi\u00e7os"},"content":{"rendered":"<div class=\"caption-container-main m-bot-30\"><div class=\"caption-text-container\">TOPOGRAFIA<\/div><div class=\"content-container-white caption-bg\"><\/div><\/div>\nACOMPANHAMENTO DE ESCAVA\u00c7\u00c3O A C\u00c9U ABERTO<br \/>\nACOMPANHAMENTO DE ESCAVA\u00c7\u00c3O SUBTERRANEA<br \/>\nACOMPANHAMENTO DE OBRAS VI\u00c1RIAS<br \/>\nACOMPANHAMENTO DE TERRAPLENAGEM<br \/>\nCALCULOS DE \u00c1REA E VOLUME<br \/>\nFISCALIZA\u00c7\u00c3O CIVIL E ELETROMEC\u00c2NICA<br \/>\nIMPLANTA\u00c7\u00c3O DE REDE GEOD\u00c9SICA<br \/>\nLEVANTAMENTOS PLANIM\u00c9TRICOS E ALTIM\u00c9TRICOS<br \/>\nLOCA\u00c7\u00c3O DE OBRAS CIVIS<br \/>\nLOCA\u00c7\u00c3O DE OBRAS INDUSTRIAIS E MECANICAS<br \/>\nMODELAGEM 3D<br \/>\nNIVELAMENTO GEOM\u00c9TRICO E TRIGONOM\u00c9TRICO<br \/>\nTRANSPORTE DE MARCOS DE REFER\u00caNCIA<br \/>\n<div class=\"caption-container-main m-bot-30\"><div class=\"caption-text-container\">ENGENHARIA<\/div><div class=\"content-container-white caption-bg\"><\/div><\/div>\nCONDU\u00c7\u00c3O E GERENCIAMENTO DE OBRAS<br \/>\nINSTRUMENTA\u00c7\u00c3O E MONITORAMENTO DE BARRAGENS<br \/>\nPROJETO VI\u00c1RIO<br \/>\nPROJETOS DE APROVEITAMENTO HIDRAULICO<br \/>\nPROJETOS DE IRRIGA\u00c7\u00c3O<br \/>\n<div class=\"caption-container-main m-bot-30\"><div class=\"caption-text-container\">EXECU\u00c7\u00c3O<\/div><div class=\"content-container-white caption-bg\"><\/div><\/div>\nCONSTRU\u00c7\u00c3O DE ALAMBRADOS<br \/>\nCONSTRU\u00c7\u00c3O DE CERCAS DE DIVISA<br \/>\nDRENAGENS<br \/>\nLOCA\u00c7\u00c3O DE MAQUINAS PARA TERRAPLENAGEM<br \/>\nMUROS DE CONTEN\u00c7\u00c3O<br \/>\nSERVI\u00c7OS DE CAMIN\u00c3O MUCK<br \/>\nSERVI\u00c7OS DE MANUTEN\u00c7\u00c3O E LIMPEZA INDUSTRIAL<br \/>\nSERVI\u00c7OS DE TERRAPLENAGEM<br \/>\n<div class=\"caption-container-main m-bot-30\"><div class=\"caption-text-container\">HIDROLOGIA<\/div><div class=\"content-container-white caption-bg\"><\/div><\/div>\nDETERMINA\u00c7\u00c3O DE CURVA CHAVE PARA RIOS E CANAIS<br \/>\nFORNECIMENTO E OPERA\u00c7\u00c3O DE ESTA\u00c7\u00d5ES TELEMETRICAS<br \/>\nIMPLANTA\u00c7\u00c3O DE ESTA\u00c7\u00c3O FLUVIOM\u00c9TRICA<br \/>\nIMPLANTA\u00c7\u00c3O DE ESTA\u00c7\u00c3O LINNIM\u00c9TRICA<br \/>\nIMPLANTA\u00c7\u00c3O DE ESTA\u00c7\u00c3O PLUVIOM\u00c9TRICA<br \/>\nLEVANTAMENTO DE CURVA COTA X VOLUME DE RESERVAT\u00d3RIOS<br \/>\nLEVANTAMENTOS TOPOBATIM\u00c9TRICOS<br \/>\nMEDI\u00c7\u00c3O DE DESCARGA LIQUIDA (VAZ\u00c3O)<br \/>\nMEDI\u00c7\u00c3O DE DESCARGA SOLIDA<br \/>\nMEDI\u00c7\u00c3O DE QUALIDADE D&#8217; \u00c1GUA<br \/>\nMODELAGEM 3D DO LEITO DE RIOS E RESERVAT\u00d3RIOS<br \/>\n<div class=\"caption-container-main m-bot-30\"><div class=\"caption-text-container\">MEIO AMBIENTE<\/div><div class=\"content-container-white caption-bg\"><\/div><\/div>\nAVALIA\u00c7\u00c3O PASSIVO AMBIENTAL<br \/>\nAVERBA\u00c7\u00c3O DE RESERVA LEGAL<br \/>\nEIA-RIMA, PCA, PASP e TR<br \/>\nINVENT\u00c1RIO E MONITORAMENTO DE FAUNA<br \/>\nLICENCIAMENTO AMBIENTAL (LP, LI e LO)<br \/>\nLICENCIAMENTO FLORESTAL<br \/>\nMANEJO INTEGRADO DE BACIAS HIDROGRAFICAS<br \/>\nMANEJO, CENTRO DE TRIAGEM E TRANSPOSI\u00c7\u00c3O DE FAUNA E ICTIOFAUNA<br \/>\nMAPEAMENTO DE \u00c1REAS DE EROS\u00c3O<br \/>\nMONITORAMENTO AMBIENTAL<br \/>\nPRAD &#8211; PROJETO DE RECUPERA\u00c7\u00c3O DE \u00c1REAS DEGRADADAS OU ALTERADAS<br \/>\nRESGATE DE FAUNA E ICTIOFAUNA<br \/>\nSUPERVIS\u00c3O\/FISCALIZA\u00c7\u00c3O AMBIENTAL<br \/>\n<div class=\"caption-container-main m-bot-30\"><div class=\"caption-text-container\">PATRIMONIAL<\/div><div class=\"content-container-white caption-bg\"><\/div><\/div>\nCADASTRO T\u00c9CNICO MULTIFINALIT\u00c1RIO<br \/>\nDESMEMBRAMENTOS \/ REMEMBRAMENTO<br \/>\nDIVIS\u00c3O DE \u00c1REAS<br \/>\nGEORREFERENCIAMENTO DE IM\u00d3VEIS RURAIS CONFORME LEI 10.267<br \/>\nLOCA\u00c7\u00c3O DE DIVISAS E CERCAS<br \/>\nLOTEAMENTO RURAL E URBANO<br \/>\nMEDI\u00c7\u00d5ES DE \u00c1REAS RUAIS E URBANAS<\/p>\n<p>&nbsp;<\/p>\n","protected":false},"excerpt":{"rendered":"<p>ACOMPANHAMENTO DE ESCAVA\u00c7\u00c3O A C\u00c9U ABERTO ACOMPANHAMENTO DE ESCAVA\u00c7\u00c3O SUBTERRANEA ACOMPANHAMENTO DE OBRAS VI\u00c1RIAS ACOMPANHAMENTO DE TERRAPLENAGEM CALCULOS DE \u00c1REA E VOLUME FISCALIZA\u00c7\u00c3O CIVIL E ELETROMEC\u00c2NICA IMPLANTA\u00c7\u00c3O DE REDE GEOD\u00c9SICA LEVANTAMENTOS PLANIM\u00c9TRICOS E ALTIM\u00c9TRICOS LOCA\u00c7\u00c3O DE OBRAS CIVIS LOCA\u00c7\u00c3O DE OBRAS INDUSTRIAIS E MECANICAS MODELAGEM 3D NIVELAMENTO GEOM\u00c9TRICO E TRIGONOM\u00c9TRICO TRANSPORTE DE MARCOS DE REFER\u00caNCIA [&hellip;]<\/p>\n","protected":false},"author":1,"featured_media":0,"parent":0,"menu_order":0,"comment_status":"open","ping_status":"open","template":"templates\/page-fullwidth.php","meta":{"footnotes":""},"_links":{"self":[{"href":"https:\/\/www.rst.eng.br\/novo\/index.php?rest_route=\/wp\/v2\/pages\/113"}],"collection":[{"href":"https:\/\/www.rst.eng.br\/novo\/index.php?rest_route=\/wp\/v2\/pages"}],"about":[{"href":"https:\/\/www.rst.eng.br\/novo\/index.php?rest_route=\/wp\/v2\/types\/page"}],"author":[{"embeddable":true,"href":"https:\/\/www.rst.eng.br\/novo\/index.php?rest_route=\/wp\/v2\/users\/1"}],"replies":[{"embeddable":true,"href":"https:\/\/www.rst.eng.br\/novo\/index.php?rest_route=%2Fwp%2Fv2%2Fcomments&post=113"}],"version-history":[{"count":15,"href":"https:\/\/www.rst.eng.br\/novo\/index.php?rest_route=\/wp\/v2\/pages\/113\/revisions"}],"predecessor-version":[{"id":549,"href":"https:\/\/www.rst.eng.br\/novo\/index.php?rest_route=\/wp\/v2\/pages\/113\/revisions\/549"}],"wp:attachment":[{"href":"https:\/\/www.rst.eng.br\/novo\/index.php?rest_route=%2Fwp%2Fv2%2Fmedia&parent=113"}],"curies":[{"name":"wp","href":"https:\/\/api.w.org\/{rel}","templated":true}]}}